{"id":517,"date":"2017-02-06T06:49:04","date_gmt":"2017-02-06T06:49:04","guid":{"rendered":"http:\/\/localhost\/finance\/?page_id=517"},"modified":"2020-09-18T15:23:38","modified_gmt":"2020-09-18T15:23:38","slug":"services","status":"publish","type":"page","link":"https:\/\/safirhayvansal.com\/index.php\/services\/","title":{"rendered":"\u00dcr\u00fcnlerimiz"},"content":{"rendered":"<p>[vc_row][vc_column][vc_empty_space][\/vc_column][\/vc_row][vc_row parallax_speed=&#8221;4&#8243; parallax_x=&#8221;4&#8243; parallax_y=&#8221;4&#8243; css=&#8221;.vc_custom_1484561578208{padding-top: 90px !important;padding-bottom: 90px !important;}&#8221;][vc_column][vc_column_text][\/vc_column_text]<div class=\"flat-portfolio yes\"><div class=\"portfolio-container  grid one-three \"><div class=\"item yumurta \"><div class=\"wrap-border\"><div class=\"featured-post\"><div class=\"link\"><a class=\"popup-gallery\" href=\"https:\/\/safirhayvansal.com\/wp-content\/uploads\/2020\/09\/0001030_dogal-koy-yumurtasi-60-adet.png\"><i class=\"fa fa-arrows-alt\"><\/i><\/a><\/div><img decoding=\"async\" src=\"https:\/\/safirhayvansal.com\/wp-content\/uploads\/2020\/09\/0001030_dogal-koy-yumurtasi-60-adet-370x245.png\" alt=\"Besin Deposu\"><\/div><div class=\"title-post\"><a title=\"Besin Deposu\" href=\"https:\/\/safirhayvansal.com\/index.php\/portfolios\/investment-planning-8\/\">Besin Deposu<\/a><\/div><div class=\"category-post\"><a href=\"https:\/\/safirhayvansal.com\/index.php\/portfolios_category\/yumurta\/\" rel=\"tag\">Yumurta<\/a><\/div>\t\t\t\t\t\t\t\t\t\n\t\t\t\t\t<div class=\"entry-content\">\n\n\t\t\t\t\t\t\u0130\u00e7inde bulundurdu\u011fu 12 \u00e7e\u015fit besin \u00f6\u011fesiyle yumurta sindirimi en kolay, en lezzetli ve en ucuz besin deposudur.\t\t\t\t\t\n\n\t\t\t\t\t<\/div>\n\n\t\t\t\t<\/div><\/div><div class=\"item yumurta \"><div class=\"wrap-border\"><div class=\"featured-post\"><div class=\"link\"><a class=\"popup-gallery\" href=\"https:\/\/safirhayvansal.com\/wp-content\/uploads\/2020\/09\/HCD-Egg-Laying-Issues-3-Large.jpg\"><i class=\"fa fa-arrows-alt\"><\/i><\/a><\/div><img decoding=\"async\" src=\"https:\/\/safirhayvansal.com\/wp-content\/uploads\/2020\/09\/HCD-Egg-Laying-Issues-3-Large-370x245.jpg\" alt=\"\u00c7evre Dostu\"><\/div><div class=\"title-post\"><a title=\"\u00c7evre Dostu\" href=\"https:\/\/safirhayvansal.com\/index.php\/portfolios\/investment-planning-7\/\">\u00c7evre Dostu<\/a><\/div><div class=\"category-post\"><a href=\"https:\/\/safirhayvansal.com\/index.php\/portfolios_category\/yumurta\/\" rel=\"tag\">Yumurta<\/a><\/div>\t\t\t\t\t\t\t\t\t\n\t\t\t\t\t<div class=\"entry-content\">\n\n\t\t\t\t\t\tEkolojik \u00e7evreye de\u011fer veriyor,\u00a0 \u00e7al\u0131\u015fmalar\u0131m\u0131z\u0131 do\u011fayla dost bir \u015fekilde s\u00fcrd\u00fcr\u00fcyoruz.\t\t\t\t\t\n\n\t\t\t\t\t<\/div>\n\n\t\t\t\t<\/div><\/div><div class=\"item yumurta \"><div class=\"wrap-border\"><div class=\"featured-post\"><div class=\"link\"><a class=\"popup-gallery\" href=\"https:\/\/safirhayvansal.com\/wp-content\/uploads\/2020\/09\/Chocolate-Caramel-Banana-Tart-A-CookBook-For-Haiti.jpg\"><i class=\"fa fa-arrows-alt\"><\/i><\/a><\/div><img decoding=\"async\" src=\"https:\/\/safirhayvansal.com\/wp-content\/uploads\/2020\/09\/Chocolate-Caramel-Banana-Tart-A-CookBook-For-Haiti-370x245.jpg\" alt=\"Sa\u011fl\u0131kl\u0131 Nesiller\"><\/div><div class=\"title-post\"><a title=\"Sa\u011fl\u0131kl\u0131 Nesiller\" href=\"https:\/\/safirhayvansal.com\/index.php\/portfolios\/investment-planning-6\/\">Sa\u011fl\u0131kl\u0131 Nesiller<\/a><\/div><div class=\"category-post\"><a href=\"https:\/\/safirhayvansal.com\/index.php\/portfolios_category\/yumurta\/\" rel=\"tag\">Yumurta<\/a><\/div>\t\t\t\t\t\t\t\t\t\n\t\t\t\t\t<div class=\"entry-content\">\n\n\t\t\t\t\t\t\u0130nsan, hayvan ve \u00e7evrenin sa\u011fl\u0131\u011f\u0131 \u00fczerinde olumlu katk\u0131 sa\u011flamak i\u00e7in organik \u00fcretim yapmaktay\u0131z.\t\t\t\t\t\n\n\t\t\t\t\t<\/div>\n\n\t\t\t\t<\/div><\/div><div class=\"item yumurta \"><div class=\"wrap-border\"><div class=\"featured-post\"><div class=\"link\"><a class=\"popup-gallery\" href=\"https:\/\/safirhayvansal.com\/wp-content\/uploads\/2020\/09\/5-Ways-to-Improve-Your-Food-Photography-with-Artificial-Light-Pinch-of-Yum.jpg\"><i class=\"fa fa-arrows-alt\"><\/i><\/a><\/div><img decoding=\"async\" src=\"https:\/\/safirhayvansal.com\/wp-content\/uploads\/2020\/09\/5-Ways-to-Improve-Your-Food-Photography-with-Artificial-Light-Pinch-of-Yum-370x245.jpg\" alt=\"Hayat\u0131n Kayna\u011f\u0131 Yumurta\"><\/div><div class=\"title-post\"><a title=\"Hayat\u0131n Kayna\u011f\u0131 Yumurta\" href=\"https:\/\/safirhayvansal.com\/index.php\/portfolios\/investment-planning-5\/\">Hayat\u0131n Kayna\u011f\u0131 Yumurta<\/a><\/div><div class=\"category-post\"><a href=\"https:\/\/safirhayvansal.com\/index.php\/portfolios_category\/yumurta\/\" rel=\"tag\">Yumurta<\/a><\/div>\t\t\t\t\t\t\t\t\t\n\t\t\t\t\t<div class=\"entry-content\">\n\n\t\t\t\t\t\tD\u00fczenli t\u00fcketilen yumurtan\u0131n; kanser, kalp damar hastal\u0131klar\u0131ndan korunmada , sindirim sisteminin sa\u011fl\u0131\u011f\u0131nda\u00a0 etkili oldu\u011fu bilimsel ger\u00e7eklerdir.\t\t\t\t\t\n\n\t\t\t\t\t<\/div>\n\n\t\t\t\t<\/div><\/div><div class=\"item yumurta \"><div class=\"wrap-border\"><div class=\"featured-post\"><div class=\"link\"><a class=\"popup-gallery\" href=\"https:\/\/safirhayvansal.com\/wp-content\/uploads\/2020\/09\/organik_yumurta.jpg\"><i class=\"fa fa-arrows-alt\"><\/i><\/a><\/div><img decoding=\"async\" src=\"https:\/\/safirhayvansal.com\/wp-content\/uploads\/2020\/09\/organik_yumurta-370x245.jpg\" alt=\"Neden Yumurta?\"><\/div><div class=\"title-post\"><a title=\"Neden Yumurta?\" href=\"https:\/\/safirhayvansal.com\/index.php\/portfolios\/investment-planning-4\/\">Neden Yumurta?<\/a><\/div><div class=\"category-post\"><a href=\"https:\/\/safirhayvansal.com\/index.php\/portfolios_category\/yumurta\/\" rel=\"tag\">Yumurta<\/a><\/div>\t\t\t\t\t\t\t\t\t\n\t\t\t\t\t<div class=\"entry-content\">\n\n\t\t\t\t\t\tBir insan\u0131n ya\u015fam\u0131 boyunca gereksinim duydu\u011fu t\u00fcm temel vitamin ve mineralleri i\u00e7eren tek g\u0131da, sindirimi en kolay besindir.\t\t\t\t\t\n\n\t\t\t\t\t<\/div>\n\n\t\t\t\t<\/div><\/div><\/div><\/div>[\/vc_column][\/vc_row][vc_row][vc_column][vc_empty_space][\/vc_column][\/vc_row]<\/p>\n","protected":false},"excerpt":{"rendered":"<p>[vc_row][vc_column][vc_empty_space][\/vc_column][\/vc_row][vc_row parallax_speed=&#8221;4&#8243; parallax_x=&#8221;4&#8243; parallax_y=&#8221;4&#8243; css=&#8221;.vc_custom_1484561578208{padding-top: 90px !important;padding-bottom: 90px !important;}&#8221;][vc_column][vc_column_text][\/vc_column_text][\/vc_column][\/vc_row][vc_row][vc_column][vc_empty_space][\/vc_column][\/vc_row]<\/p>\n","protected":false},"author":1,"featured_media":0,"parent":0,"menu_order":0,"comment_status":"closed","ping_status":"closed","template":"tpl\/page_fullwidth.php","meta":{"footnotes":""},"class_list":["post-517","page","type-page","status-publish","hentry"],"_links":{"self":[{"href":"https:\/\/safirhayvansal.com\/index.php\/wp-json\/wp\/v2\/pages\/517","targetHints":{"allow":["GET"]}}],"collection":[{"href":"https:\/\/safirhayvansal.com\/index.php\/wp-json\/wp\/v2\/pages"}],"about":[{"href":"https:\/\/safirhayvansal.com\/index.php\/wp-json\/wp\/v2\/types\/page"}],"author":[{"embeddable":true,"href":"https:\/\/safirhayvansal.com\/index.php\/wp-json\/wp\/v2\/users\/1"}],"replies":[{"embeddable":true,"href":"https:\/\/safirhayvansal.com\/index.php\/wp-json\/wp\/v2\/comments?post=517"}],"version-history":[{"count":44,"href":"https:\/\/safirhayvansal.com\/index.php\/wp-json\/wp\/v2\/pages\/517\/revisions"}],"predecessor-version":[{"id":1891,"href":"https:\/\/safirhayvansal.com\/index.php\/wp-json\/wp\/v2\/pages\/517\/revisions\/1891"}],"wp:attachment":[{"href":"https:\/\/safirhayvansal.com\/index.php\/wp-json\/wp\/v2\/media?parent=517"}],"curies":[{"name":"wp","href":"https:\/\/api.w.org\/{rel}","templated":true}]}}