{"id":1729,"date":"2020-09-10T09:10:28","date_gmt":"2020-09-10T09:10:28","guid":{"rendered":"https:\/\/safirhayvansal.com\/?page_id=1729"},"modified":"2020-09-10T09:56:52","modified_gmt":"2020-09-10T09:56:52","slug":"insaat-ihalesi","status":"publish","type":"page","link":"https:\/\/safirhayvansal.com\/index.php\/insaat-ihalesi\/","title":{"rendered":"\u0130n\u015faat \u0130halesi"},"content":{"rendered":"<p>[vc_row][vc_column][vc_empty_space][\/vc_column][\/vc_row][vc_row][vc_column][vc_column_text]<strong>SAF\u0130R HAYVANSAL VE TARIMSAL GIDA \u00dcR\u00dcNLER\u0130 SAN. T\u0130C. LTD. \u015eT\u0130.<\/strong><\/p>\n<p>Hayvansal Orijinli G\u00fcbre Yeni Tesis Projesi \u0130n\u015faat \u0130\u015fi \u0130halesi<\/p>\n<p><strong>\u00a0<\/strong><strong>09 Eyl\u00fcl 2020 &#8211; Saat 10:00<\/strong>\u2019da a\u015fa\u011f\u0131da belirtilen in\u015faat i\u015fi ihalesi\u00a0yap\u0131lacakt\u0131r.<\/p>\n<p>&nbsp;<\/p>\n<p><strong>\u0130hale konusu \u0130n\u015faat \u0130\u015fi Detay\u0131:<\/strong><\/p>\n<ul>\n<li>B\u00fcy\u00fckba\u015f Modern Sabit Yat\u0131r\u0131m\u0131 Yeni Tesis Projesi kapsam\u0131nda in\u015faat i\u015fi ihalesi<\/li>\n<\/ul>\n<p><strong>Y\u00fcklenici Firma ihale dosyas\u0131na eklenecek evrak ve belgeler:<\/strong><\/p>\n<ul>\n<li>Sanayi \/ Ticaret Odas\u0131ndan al\u0131nm\u0131\u015f Faaliyet Belgesi<\/li>\n<li>Ticaret Sicil Gazetesi<\/li>\n<li>Teklifi imzalayan ki\u015finin \u0130mza Sirk\u00fcleri<\/li>\n<li>Vergi Levhas\u0131<\/li>\n<li>Benzer \u0130\u015f Deneyim Belgesi (sat\u0131nalma bedelinin en az % 75\u2019i)<\/li>\n<li>Banka Referans Mektubu (ihale konusu i\u015fin tutar\u0131n\u0131n en az %20 si oran\u0131nda)<\/li>\n<li>Yap\u0131 M\u00fcteahhidi Yetki Belgesi<\/li>\n<li>\u0130\u015fin tatmink\u00e2r bir \u015fekilde yap\u0131m\u0131na yeterli in\u015faat ekipman\u0131 ve personeli olmas\u0131 (sahiplik veya taahh\u00fct belgesi)<\/li>\n<\/ul>\n<p><strong>\u00d6nemli Notlar:\u00a0<\/strong><\/p>\n<ul>\n<li>Teklif Mektuplar\u0131 Firman\u0131n ba\u015fl\u0131kl\u0131 k\u00e2\u011f\u0131d\u0131na ve Yat\u0131r\u0131mc\u0131ya hitaben d\u00fczenlenmeli ve teklif mektuplar\u0131nda; mutlaka tarih, \u015fartnamelerin incelenip, \u015fartnamelerde belirtilen hususlar\u0131n kabul edilip\/edilmedi\u011fi, tekliflerin ge\u00e7erlilik s\u00fcreleri, teklif fiyat\u0131 a\u00e7\u0131k olarak belirtilmeli (Birim fiyat, toplam fiyat, KDV, di\u011fer vergiler dahil \/ hari\u00e7, vb.) ve y\u00fcklenici ka\u015fesi ve yetkili ki\u015finin imzas\u0131 bulunmal\u0131d\u0131r.<\/li>\n<li>\u0130haleyi kazanan y\u00fckleniciden sipari\u015f mektubu g\u00f6nderme ve s\u00f6zle\u015fmeye davet \u00f6ncesinde Banka Teminat Mektubu (sat\u0131nalma bedelinin en az %3\u2019 \u00fc) istenecektir.<\/li>\n<\/ul>\n<p>[\/vc_column_text][vc_empty_space][vc_btn title=&#8221;\u0130hale Dosyalar\u0131n\u0131 \u0130ndir&#8221; link=&#8221;url:https%3A%2F%2Fsafirhayvansal.com%2Fihale%2Finsaat-ihale-dosyasi.rar|title:%C4%B0hale%20Dosyalar%C4%B1n%C4%B1%20%C4%B0ndir||&#8221;][\/vc_column][\/vc_row]<\/p>\n","protected":false},"excerpt":{"rendered":"<p>[vc_row][vc_column][vc_empty_space][\/vc_column][\/vc_row][vc_row][vc_column][vc_column_text]SAF\u0130R HAYVANSAL VE TARIMSAL GIDA \u00dcR\u00dcNLER\u0130 SAN. T\u0130C. LTD. \u015eT\u0130. Hayvansal Orijinli G\u00fcbre Yeni Tesis Projesi \u0130n\u015faat \u0130\u015fi \u0130halesi \u00a009 Eyl\u00fcl 2020 &#8211; Saat 10:00\u2019da a\u015fa\u011f\u0131da belirtilen in\u015faat i\u015fi ihalesi\u00a0yap\u0131lacakt\u0131r. &nbsp; \u0130hale konusu \u0130n\u015faat \u0130\u015fi Detay\u0131: B\u00fcy\u00fckba\u015f Modern Sabit Yat\u0131r\u0131m\u0131 Yeni Tesis Projesi kapsam\u0131nda in\u015faat i\u015fi ihalesi Y\u00fcklenici Firma ihale dosyas\u0131na [&hellip;]<\/p>\n","protected":false},"author":1,"featured_media":0,"parent":0,"menu_order":0,"comment_status":"closed","ping_status":"closed","template":"tpl\/page_fullwidth.php","meta":{"footnotes":""},"class_list":["post-1729","page","type-page","status-publish","hentry"],"_links":{"self":[{"href":"https:\/\/safirhayvansal.com\/index.php\/wp-json\/wp\/v2\/pages\/1729","targetHints":{"allow":["GET"]}}],"collection":[{"href":"https:\/\/safirhayvansal.com\/index.php\/wp-json\/wp\/v2\/pages"}],"about":[{"href":"https:\/\/safirhayvansal.com\/index.php\/wp-json\/wp\/v2\/types\/page"}],"author":[{"embeddable":true,"href":"https:\/\/safirhayvansal.com\/index.php\/wp-json\/wp\/v2\/users\/1"}],"replies":[{"embeddable":true,"href":"https:\/\/safirhayvansal.com\/index.php\/wp-json\/wp\/v2\/comments?post=1729"}],"version-history":[{"count":4,"href":"https:\/\/safirhayvansal.com\/index.php\/wp-json\/wp\/v2\/pages\/1729\/revisions"}],"predecessor-version":[{"id":1745,"href":"https:\/\/safirhayvansal.com\/index.php\/wp-json\/wp\/v2\/pages\/1729\/revisions\/1745"}],"wp:attachment":[{"href":"https:\/\/safirhayvansal.com\/index.php\/wp-json\/wp\/v2\/media?parent=1729"}],"curies":[{"name":"wp","href":"https:\/\/api.w.org\/{rel}","templated":true}]}}