{"id":1692,"date":"2020-09-08T12:58:29","date_gmt":"2020-09-08T12:58:29","guid":{"rendered":"https:\/\/safirhayvansal.com\/?page_id=1692"},"modified":"2020-09-16T12:14:33","modified_gmt":"2020-09-16T12:14:33","slug":"hakkimizda","status":"publish","type":"page","link":"https:\/\/safirhayvansal.com\/index.php\/hakkimizda\/","title":{"rendered":"Hakk\u0131m\u0131zda"},"content":{"rendered":"<p>[vc_row][vc_column][vc_empty_space][\/vc_column][\/vc_row][vc_row][vc_column width=&#8221;1\/2&#8243;][vc_single_image image=&#8221;1251&#8243; img_size=&#8221;large&#8221;][\/vc_column][vc_column width=&#8221;1\/2&#8243;][vc_column_text]Safir Hayvansal ve Tar\u0131msal G\u0131da \u00dcr\u00fcnleri, kalite ve m\u00fc\u015fteri memnuniyetini esas edinen hizmet anlay\u0131\u015f\u0131 ile 2019 itibariyle T\u00fcrkiye&#8217;de hizmet vermektedir.<\/p>\n<p>Safir Hayvansal ve Tar\u0131msal G\u0131da \u00fcr\u00fcnleri bug\u00fcnlere arkas\u0131nda b\u0131rakt\u0131\u011f\u0131 b\u00fcy\u00fck bir m\u00fc\u015fteri portf\u00f6y\u00fc ve m\u00fc\u015fteri memnuniyeti ile g\u0131da \u00fcretimi, hayvansal \u00fcr\u00fcnler, yapt\u0131\u011f\u0131 sat\u0131\u015flar\u0131 ve yapt\u0131\u011f\u0131 \u00fcretimle alan\u0131nda gelece\u011fe do\u011fru sa\u011flam ad\u0131mlarla ilerlemektedir.[\/vc_column_text][\/vc_column][\/vc_row][vc_row][vc_column][vc_empty_space][\/vc_column][\/vc_row]<\/p>\n","protected":false},"excerpt":{"rendered":"<p>[vc_row][vc_column][vc_empty_space][\/vc_column][\/vc_row][vc_row][vc_column width=&#8221;1\/2&#8243;][vc_single_image image=&#8221;1251&#8243; img_size=&#8221;large&#8221;][\/vc_column][vc_column width=&#8221;1\/2&#8243;][vc_column_text]Safir Hayvansal ve Tar\u0131msal G\u0131da \u00dcr\u00fcnleri, kalite ve m\u00fc\u015fteri memnuniyetini esas edinen hizmet anlay\u0131\u015f\u0131 ile 2019 itibariyle T\u00fcrkiye&#8217;de hizmet vermektedir. Safir Hayvansal ve Tar\u0131msal G\u0131da \u00fcr\u00fcnleri bug\u00fcnlere arkas\u0131nda b\u0131rakt\u0131\u011f\u0131 b\u00fcy\u00fck bir m\u00fc\u015fteri portf\u00f6y\u00fc ve m\u00fc\u015fteri memnuniyeti ile g\u0131da \u00fcretimi, hayvansal \u00fcr\u00fcnler, yapt\u0131\u011f\u0131 sat\u0131\u015flar\u0131 ve yapt\u0131\u011f\u0131 \u00fcretimle alan\u0131nda [&hellip;]<\/p>\n","protected":false},"author":1,"featured_media":0,"parent":0,"menu_order":0,"comment_status":"closed","ping_status":"closed","template":"tpl\/page_fullwidth.php","meta":{"footnotes":""},"class_list":["post-1692","page","type-page","status-publish","hentry"],"_links":{"self":[{"href":"https:\/\/safirhayvansal.com\/index.php\/wp-json\/wp\/v2\/pages\/1692","targetHints":{"allow":["GET"]}}],"collection":[{"href":"https:\/\/safirhayvansal.com\/index.php\/wp-json\/wp\/v2\/pages"}],"about":[{"href":"https:\/\/safirhayvansal.com\/index.php\/wp-json\/wp\/v2\/types\/page"}],"author":[{"embeddable":true,"href":"https:\/\/safirhayvansal.com\/index.php\/wp-json\/wp\/v2\/users\/1"}],"replies":[{"embeddable":true,"href":"https:\/\/safirhayvansal.com\/index.php\/wp-json\/wp\/v2\/comments?post=1692"}],"version-history":[{"count":9,"href":"https:\/\/safirhayvansal.com\/index.php\/wp-json\/wp\/v2\/pages\/1692\/revisions"}],"predecessor-version":[{"id":1764,"href":"https:\/\/safirhayvansal.com\/index.php\/wp-json\/wp\/v2\/pages\/1692\/revisions\/1764"}],"wp:attachment":[{"href":"https:\/\/safirhayvansal.com\/index.php\/wp-json\/wp\/v2\/media?parent=1692"}],"curies":[{"name":"wp","href":"https:\/\/api.w.org\/{rel}","templated":true}]}}