{"id":1677,"date":"2020-09-08T09:10:07","date_gmt":"2020-09-08T09:10:07","guid":{"rendered":"https:\/\/safirhayvansal.com\/?page_id=1677"},"modified":"2020-09-16T12:20:22","modified_gmt":"2020-09-16T12:20:22","slug":"misyonumuz","status":"publish","type":"page","link":"https:\/\/safirhayvansal.com\/index.php\/misyonumuz\/","title":{"rendered":"Misyonumuz"},"content":{"rendered":"<p>[vc_row][vc_column][vc_empty_space][vc_empty_space][\/vc_column][\/vc_row][vc_row][vc_column width=&#8221;1\/2&#8243;][vc_single_image image=&#8221;1223&#8243; img_size=&#8221;large&#8221;][\/vc_column][vc_column width=&#8221;1\/2&#8243;][vc_column_text]M\u00fc\u015fteri memnuniyeti,faydal\u0131 olmak bizler i\u00e7in \u00f6nem ta\u015f\u0131yan de\u011ferlerdendir.<\/p>\n<p>Farkl\u0131l\u0131klar yaratarak kal\u0131c\u0131 \u00fcst\u00fcnl\u00fckler sa\u011flamak i\u015f d\u00fcnyas\u0131nda yerimizi sa\u011flamla\u015ft\u0131rmam\u0131za katk\u0131 sa\u011flam\u0131\u015ft\u0131r.[\/vc_column_text][\/vc_column][\/vc_row][vc_row][vc_column][vc_empty_space][\/vc_column][\/vc_row]<\/p>\n","protected":false},"excerpt":{"rendered":"<p>[vc_row][vc_column][vc_empty_space][vc_empty_space][\/vc_column][\/vc_row][vc_row][vc_column width=&#8221;1\/2&#8243;][vc_single_image image=&#8221;1223&#8243; img_size=&#8221;large&#8221;][\/vc_column][vc_column width=&#8221;1\/2&#8243;][vc_column_text]M\u00fc\u015fteri memnuniyeti,faydal\u0131 olmak bizler i\u00e7in \u00f6nem ta\u015f\u0131yan de\u011ferlerdendir. Farkl\u0131l\u0131klar yaratarak kal\u0131c\u0131 \u00fcst\u00fcnl\u00fckler sa\u011flamak i\u015f d\u00fcnyas\u0131nda yerimizi sa\u011flamla\u015ft\u0131rmam\u0131za katk\u0131 sa\u011flam\u0131\u015ft\u0131r.[\/vc_column_text][\/vc_column][\/vc_row][vc_row][vc_column][vc_empty_space][\/vc_column][\/vc_row]<\/p>\n","protected":false},"author":1,"featured_media":0,"parent":0,"menu_order":0,"comment_status":"closed","ping_status":"closed","template":"tpl\/page_fullwidth.php","meta":{"footnotes":""},"class_list":["post-1677","page","type-page","status-publish","hentry"],"_links":{"self":[{"href":"https:\/\/safirhayvansal.com\/index.php\/wp-json\/wp\/v2\/pages\/1677","targetHints":{"allow":["GET"]}}],"collection":[{"href":"https:\/\/safirhayvansal.com\/index.php\/wp-json\/wp\/v2\/pages"}],"about":[{"href":"https:\/\/safirhayvansal.com\/index.php\/wp-json\/wp\/v2\/types\/page"}],"author":[{"embeddable":true,"href":"https:\/\/safirhayvansal.com\/index.php\/wp-json\/wp\/v2\/users\/1"}],"replies":[{"embeddable":true,"href":"https:\/\/safirhayvansal.com\/index.php\/wp-json\/wp\/v2\/comments?post=1677"}],"version-history":[{"count":7,"href":"https:\/\/safirhayvansal.com\/index.php\/wp-json\/wp\/v2\/pages\/1677\/revisions"}],"predecessor-version":[{"id":1767,"href":"https:\/\/safirhayvansal.com\/index.php\/wp-json\/wp\/v2\/pages\/1677\/revisions\/1767"}],"wp:attachment":[{"href":"https:\/\/safirhayvansal.com\/index.php\/wp-json\/wp\/v2\/media?parent=1677"}],"curies":[{"name":"wp","href":"https:\/\/api.w.org\/{rel}","templated":true}]}}