{"id":1674,"date":"2020-09-08T09:05:18","date_gmt":"2020-09-08T09:05:18","guid":{"rendered":"https:\/\/safirhayvansal.com\/?page_id=1674"},"modified":"2020-09-08T09:21:20","modified_gmt":"2020-09-08T09:21:20","slug":"vizyonumuz","status":"publish","type":"page","link":"https:\/\/safirhayvansal.com\/index.php\/vizyonumuz\/","title":{"rendered":"Vizyonumuz"},"content":{"rendered":"<p>[vc_row][vc_column][vc_empty_space][\/vc_column][\/vc_row][vc_row][vc_column width=&#8221;1\/2&#8243;][vc_single_image image=&#8221;219&#8243; img_size=&#8221;large&#8221;][\/vc_column][vc_column width=&#8221;1\/2&#8243;][vc_column_text]Faaliyet g\u00f6sterdi\u011fimiz sekt\u00f6rlerde her zaman yenilik\u00e7i,\u00f6nc\u00fc olmak birincil hedeflerimiz aras\u0131ndad\u0131r.<\/p>\n<p>\u00c7evreye ve sosyal sorumlulu\u011fa duyarl\u0131 olarak ilerlemek firmam\u0131z i\u00e7in \u00e7ok \u00f6nemlidir.[\/vc_column_text][\/vc_column][\/vc_row][vc_row][vc_column][vc_empty_space][\/vc_column][\/vc_row]<\/p>\n","protected":false},"excerpt":{"rendered":"<p>[vc_row][vc_column][vc_empty_space][\/vc_column][\/vc_row][vc_row][vc_column width=&#8221;1\/2&#8243;][vc_single_image image=&#8221;219&#8243; img_size=&#8221;large&#8221;][\/vc_column][vc_column width=&#8221;1\/2&#8243;][vc_column_text]Faaliyet g\u00f6sterdi\u011fimiz sekt\u00f6rlerde her zaman yenilik\u00e7i,\u00f6nc\u00fc olmak birincil hedeflerimiz aras\u0131ndad\u0131r. \u00c7evreye ve sosyal sorumlulu\u011fa duyarl\u0131 olarak ilerlemek firmam\u0131z i\u00e7in \u00e7ok \u00f6nemlidir.[\/vc_column_text][\/vc_column][\/vc_row][vc_row][vc_column][vc_empty_space][\/vc_column][\/vc_row]<\/p>\n","protected":false},"author":1,"featured_media":0,"parent":0,"menu_order":0,"comment_status":"closed","ping_status":"closed","template":"tpl\/page_fullwidth.php","meta":{"footnotes":""},"class_list":["post-1674","page","type-page","status-publish","hentry"],"_links":{"self":[{"href":"https:\/\/safirhayvansal.com\/index.php\/wp-json\/wp\/v2\/pages\/1674","targetHints":{"allow":["GET"]}}],"collection":[{"href":"https:\/\/safirhayvansal.com\/index.php\/wp-json\/wp\/v2\/pages"}],"about":[{"href":"https:\/\/safirhayvansal.com\/index.php\/wp-json\/wp\/v2\/types\/page"}],"author":[{"embeddable":true,"href":"https:\/\/safirhayvansal.com\/index.php\/wp-json\/wp\/v2\/users\/1"}],"replies":[{"embeddable":true,"href":"https:\/\/safirhayvansal.com\/index.php\/wp-json\/wp\/v2\/comments?post=1674"}],"version-history":[{"count":4,"href":"https:\/\/safirhayvansal.com\/index.php\/wp-json\/wp\/v2\/pages\/1674\/revisions"}],"predecessor-version":[{"id":1688,"href":"https:\/\/safirhayvansal.com\/index.php\/wp-json\/wp\/v2\/pages\/1674\/revisions\/1688"}],"wp:attachment":[{"href":"https:\/\/safirhayvansal.com\/index.php\/wp-json\/wp\/v2\/media?parent=1674"}],"curies":[{"name":"wp","href":"https:\/\/api.w.org\/{rel}","templated":true}]}}