{"id":1392,"date":"2017-03-11T09:00:02","date_gmt":"2017-03-11T09:00:02","guid":{"rendered":"http:\/\/localhost\/finance\/?page_id=1392"},"modified":"2017-03-11T09:00:02","modified_gmt":"2017-03-11T09:00:02","slug":"transparent-header","status":"publish","type":"page","link":"https:\/\/safirhayvansal.com\/index.php\/my-home\/transparent-header\/","title":{"rendered":"Home Transparent Header"},"content":{"rendered":"<p>\t\t\t\t[vc_row full_width=&#8221;stretch_row_content_no_spaces&#8221; parallax_speed=&#8221;4&#8243; parallax_x=&#8221;4&#8243; parallax_y=&#8221;4&#8243;][vc_column][rev_slider_vc alias=&#8221;slide-home&#8221;][\/vc_column][\/vc_row][vc_row full_width=&#8221;stretch_row&#8221; parallax_speed=&#8221;4&#8243; parallax_x=&#8221;4&#8243; parallax_y=&#8221;4&#8243; css=&#8221;.vc_custom_1484559993316{padding-top: 60px !important;padding-bottom: 60px !important;}&#8221;][vc_column width=&#8221;1\/3&#8243;]\t\n\t<div class=\"flat-imagebox  \">\n\t\t<div class=\"flat-imagebox-inner\">\n\t\t\t\t\t\t\t<div class=\"flat-imagebox-image\">\n\t\t\t\t\t<img loading=\"lazy\" decoding=\"async\" width=\"700\" height=\"467\" src=\"https:\/\/safirhayvansal.com\/wp-content\/uploads\/2017\/01\/2-4.jpg\" class=\"attachment-full\" alt=\"\" srcset=\"https:\/\/safirhayvansal.com\/wp-content\/uploads\/2017\/01\/2-4.jpg 700w, https:\/\/safirhayvansal.com\/wp-content\/uploads\/2017\/01\/2-4-300x200.jpg 300w, https:\/\/safirhayvansal.com\/wp-content\/uploads\/2017\/01\/2-4-370x247.jpg 370w\" sizes=\"auto, (max-width: 700px) 100vw, 700px\" \/>\t\t\t\t<\/div>\n\n\t\t\t\n\t\t\t<div class=\"flat-imagebox-header\">\n\t\t\t\t<h3 class=\"flat-imagebox-title\">\n\t\t\t\t\t<a href=\"#\" target=\"_self\">\n\t\t\t\t\t\tBusiness Ideas and Innovation\t\t\t\t\t<\/a>\t\n\t\t\t\t<\/h3>\n\n\t\t\t\t\t\t\t<\/div>\n\n\t\t\t<div class=\"flat-imagebox-content\">\n\t\t\t\t\t\t\t\t\t<div class=\"flat-imagebox-desc\">\n\t\t\t\t\t\tSed ut perspiciatis unde omnis iste error sit voluptatem accusantium doloremque lau dantium, rem aperiam eaque ipsa ab illo inventore veritatis\t\t\t\t\t<\/div>\n\t\t\t\t\t\t\t\t\n\t\t\t\t\t\t\t\t\t\n\t\t\t\t\t<div class=\"flat-imagebox-button\">\n\t\t\t\t\t\t<a href=\"#\" target=\"_self\">\n\t\t\t\t\t\t\tRead More\t\t\t\t\t\t<\/a>\n\t\t\t\t\t<\/div>\n\n\t\t\t\t\t\t\t<\/div>\n\t\t<\/div>\n\t<\/div>\t\n[\/vc_column][vc_column width=&#8221;1\/3&#8243;]\t\n\t<div class=\"flat-imagebox  \">\n\t\t<div class=\"flat-imagebox-inner\">\n\t\t\t\t\t\t\t<div class=\"flat-imagebox-image\">\n\t\t\t\t\t<img loading=\"lazy\" decoding=\"async\" width=\"700\" height=\"467\" src=\"https:\/\/safirhayvansal.com\/wp-content\/uploads\/2017\/01\/5-4.jpg\" class=\"attachment-full\" alt=\"\" srcset=\"https:\/\/safirhayvansal.com\/wp-content\/uploads\/2017\/01\/5-4.jpg 700w, https:\/\/safirhayvansal.com\/wp-content\/uploads\/2017\/01\/5-4-300x200.jpg 300w, https:\/\/safirhayvansal.com\/wp-content\/uploads\/2017\/01\/5-4-370x247.jpg 370w\" sizes=\"auto, (max-width: 700px) 100vw, 700px\" \/>\t\t\t\t<\/div>\n\n\t\t\t\n\t\t\t<div class=\"flat-imagebox-header\">\n\t\t\t\t<h3 class=\"flat-imagebox-title\">\n\t\t\t\t\t<a href=\"#\" target=\"_self\">\n\t\t\t\t\t\tBusiness Ideas and Innovation\t\t\t\t\t<\/a>\t\n\t\t\t\t<\/h3>\n\n\t\t\t\t\t\t\t<\/div>\n\n\t\t\t<div class=\"flat-imagebox-content\">\n\t\t\t\t\t\t\t\t\t<div class=\"flat-imagebox-desc\">\n\t\t\t\t\t\t\n\nSed ut perspiciatis unde omnis iste error sit voluptatem accusantium doloremque lau dantium, rem aperiam eaque ipsa ab illo inventore veritatis\n\n\t\t\t\t\t<\/div>\n\t\t\t\t\t\t\t\t\n\t\t\t\t\t\t\t\t\t\n\t\t\t\t\t<div class=\"flat-imagebox-button\">\n\t\t\t\t\t\t<a href=\"#\" target=\"_self\">\n\t\t\t\t\t\t\tRead More\t\t\t\t\t\t<\/a>\n\t\t\t\t\t<\/div>\n\n\t\t\t\t\t\t\t<\/div>\n\t\t<\/div>\n\t<\/div>\t\n[\/vc_column][vc_column width=&#8221;1\/3&#8243;]\t\n\t<div class=\"flat-imagebox  \">\n\t\t<div class=\"flat-imagebox-inner\">\n\t\t\t\t\t\t\t<div class=\"flat-imagebox-image\">\n\t\t\t\t\t<img loading=\"lazy\" decoding=\"async\" width=\"700\" height=\"467\" src=\"https:\/\/safirhayvansal.com\/wp-content\/uploads\/2017\/01\/3-4.jpg\" class=\"attachment-full\" alt=\"\" srcset=\"https:\/\/safirhayvansal.com\/wp-content\/uploads\/2017\/01\/3-4.jpg 700w, https:\/\/safirhayvansal.com\/wp-content\/uploads\/2017\/01\/3-4-300x200.jpg 300w, https:\/\/safirhayvansal.com\/wp-content\/uploads\/2017\/01\/3-4-370x247.jpg 370w\" sizes=\"auto, (max-width: 700px) 100vw, 700px\" \/>\t\t\t\t<\/div>\n\n\t\t\t\n\t\t\t<div class=\"flat-imagebox-header\">\n\t\t\t\t<h3 class=\"flat-imagebox-title\">\n\t\t\t\t\t<a href=\"#\" target=\"_self\">\n\t\t\t\t\t\tDirectory of Finance Businesses\t\t\t\t\t<\/a>\t\n\t\t\t\t<\/h3>\n\n\t\t\t\t\t\t\t<\/div>\n\n\t\t\t<div class=\"flat-imagebox-content\">\n\t\t\t\t\t\t\t\t\t<div class=\"flat-imagebox-desc\">\n\t\t\t\t\t\tSed ut perspiciatis unde omnis iste error sit voluptatem accusantium doloremque lau dantium, rem aperiam eaque ipsa ab illo inventore veritatis\t\t\t\t\t<\/div>\n\t\t\t\t\t\t\t\t\n\t\t\t\t\t\t\t\t\t\n\t\t\t\t\t<div class=\"flat-imagebox-button\">\n\t\t\t\t\t\t<a href=\"#\" target=\"_self\">\n\t\t\t\t\t\t\tLearn More\t\t\t\t\t\t<\/a>\n\t\t\t\t\t<\/div>\n\n\t\t\t\t\t\t\t<\/div>\n\t\t<\/div>\n\t<\/div>\t\n[\/vc_column][\/vc_row][vc_row full_width=&#8221;stretch_row&#8221; parallax_speed=&#8221;4&#8243; parallax_x=&#8221;4&#8243; parallax_y=&#8221;4&#8243; css=&#8221;.vc_custom_1489131198205{padding-top: 100px !important;padding-bottom: 76px !important;background-color: #f7f7f7 !important;}&#8221;][vc_column][vc_row_inner][vc_column_inner]<div class=\"title-section  style1\">\n\t\t<h1 class=\"title\">\n\t\t\tOur Services\t\t\t\n\t\t<\/h1>\t\t\n\t\t\n\n\t<\/div>[vc_empty_space height=&#8221;20px&#8221;][\/vc_column_inner][\/vc_row_inner][vc_row_inner][vc_column_inner width=&#8221;1\/3&#8243;]<div class=\"flat-iconbox iconbox-style1 left rounded\">\n\t\t<div class=\"flat-iconbox-header\">\n\t\t\t<div class=\"flat-iconbox-icon\"><span class=\"ion-clipboard\"><\/span><\/div>\n\t\t\t<h4 class=\"flat-iconbox-title\">Accumulation<\/h4>\n\t\t\t\n\t\t<\/div>\n\t\t<div class=\"flat-iconbox-content\">\n\t\t\tDonec lacinia mi rutrum sagittis consequat. Donec sagittis, tellus sodales sollicitudin commodo\n\t\t\t\n\t\t<\/div>\n\t<\/div>[vc_empty_space height=&#8221;70px&#8221;]<div class=\"flat-iconbox iconbox-style1 left rounded\">\n\t\t<div class=\"flat-iconbox-header\">\n\t\t\t<div class=\"flat-iconbox-icon\"><span class=\"ion-wand\"><\/span><\/div>\n\t\t\t<h4 class=\"flat-iconbox-title\">Estate Planning<\/h4>\n\t\t\t\n\t\t<\/div>\n\t\t<div class=\"flat-iconbox-content\">\n\t\t\tDonec lacinia mi rutrum sagittis consequat. Donec sagittis, tellus sodales sollicitudin commodo\n\t\t\t\n\t\t<\/div>\n\t<\/div>[\/vc_column_inner][vc_column_inner width=&#8221;1\/3&#8243;]<div class=\"flat-iconbox iconbox-style1 left rounded\">\n\t\t<div class=\"flat-iconbox-header\">\n\t\t\t<div class=\"flat-iconbox-icon\"><span class=\"ion-arrow-graph-up-right\"><\/span><\/div>\n\t\t\t<h4 class=\"flat-iconbox-title\">Mutual Funds<\/h4>\n\t\t\t\n\t\t<\/div>\n\t\t<div class=\"flat-iconbox-content\">\n\t\t\tDonec lacinia mi rutrum sagittis consequat. Donec sagittis, tellus sodales sollicitudin commodo\n\t\t\t\n\t\t<\/div>\n\t<\/div>[vc_empty_space height=&#8221;70px&#8221;]<div class=\"flat-iconbox iconbox-style1 left rounded\">\n\t\t<div class=\"flat-iconbox-header\">\n\t\t\t<div class=\"flat-iconbox-icon\"><span class=\"ion-easel\"><\/span><\/div>\n\t\t\t<h4 class=\"flat-iconbox-title\">Retirement Planning<\/h4>\n\t\t\t\n\t\t<\/div>\n\t\t<div class=\"flat-iconbox-content\">\n\t\t\tDonec lacinia mi rutrum sagittis consequat. Donec sagittis, tellus sodales sollicitudin commodo\n\t\t\t\n\t\t<\/div>\n\t<\/div>[\/vc_column_inner][vc_column_inner width=&#8221;1\/3&#8243;]<div class=\"flat-iconbox iconbox-style1 left rounded\">\n\t\t<div class=\"flat-iconbox-header\">\n\t\t\t<div class=\"flat-iconbox-icon\"><span class=\"ion-android-alarm-clock\"><\/span><\/div>\n\t\t\t<h4 class=\"flat-iconbox-title\">Risk Management<\/h4>\n\t\t\t\n\t\t<\/div>\n\t\t<div class=\"flat-iconbox-content\">\n\t\t\tDonec lacinia mi rutrum sagittis consequat. Donec sagittis, tellus sodales sollicitudin commodo\n\t\t\t\n\t\t<\/div>\n\t<\/div>[vc_empty_space height=&#8221;70px&#8221;]<div class=\"flat-iconbox iconbox-style1 left rounded\">\n\t\t<div class=\"flat-iconbox-header\">\n\t\t\t<div class=\"flat-iconbox-icon\"><span class=\"ion-android-globe\"><\/span><\/div>\n\t\t\t<h4 class=\"flat-iconbox-title\">Business Planning<\/h4>\n\t\t\t\n\t\t<\/div>\n\t\t<div class=\"flat-iconbox-content\">\n\t\t\tDonec lacinia mi rutrum sagittis consequat. Donec sagittis, tellus sodales sollicitudin commodo\n\t\t\t\n\t\t<\/div>\n\t<\/div>[\/vc_column_inner][\/vc_row_inner][\/vc_column][\/vc_row][vc_row parallax_speed=&#8221;4&#8243; parallax_x=&#8221;4&#8243; parallax_y=&#8221;4&#8243; css=&#8221;.vc_custom_1489136095344{padding-top: 70px !important;padding-bottom: 30px !important;}&#8221;][vc_column][vc_row_inner][vc_column_inner]<div class=\"title-section  style1\">\n\t\t<h1 class=\"title\">\n\t\t\tOur Projects \t\t\t\n\t\t<\/h1>\t\t\n\t\t\n\n\t<\/div>[vc_empty_space height=&#8221;35px&#8221;][\/vc_column_inner][\/vc_row_inner][vc_row_inner][vc_column_inner]<div class=\"flat-portfolio yes\"><div class=\"portfolio-container portfolio-gallery no-margin one-three \"><div class=\"item yumurta \"><div class=\"wrap-border\"><div class=\"featured-post\"><div class=\"link\"><a class=\"popup-gallery\" href=\"https:\/\/safirhayvansal.com\/wp-content\/uploads\/2020\/09\/0001030_dogal-koy-yumurtasi-60-adet.png\"><i class=\"fa fa-arrows-alt\"><\/i><\/a><\/div><img decoding=\"async\" src=\"https:\/\/safirhayvansal.com\/wp-content\/uploads\/2020\/09\/0001030_dogal-koy-yumurtasi-60-adet-370x245.png\" alt=\"Besin Deposu\"><\/div><div class=\"title-post\"><a title=\"Besin Deposu\" href=\"https:\/\/safirhayvansal.com\/index.php\/portfolios\/investment-planning-8\/\">Besin Deposu<\/a><\/div><div class=\"category-post\"><a href=\"https:\/\/safirhayvansal.com\/index.php\/portfolios_category\/yumurta\/\" rel=\"tag\">Yumurta<\/a><\/div><\/div><\/div><div class=\"item yumurta \"><div class=\"wrap-border\"><div class=\"featured-post\"><div class=\"link\"><a class=\"popup-gallery\" href=\"https:\/\/safirhayvansal.com\/wp-content\/uploads\/2020\/09\/HCD-Egg-Laying-Issues-3-Large.jpg\"><i class=\"fa fa-arrows-alt\"><\/i><\/a><\/div><img decoding=\"async\" src=\"https:\/\/safirhayvansal.com\/wp-content\/uploads\/2020\/09\/HCD-Egg-Laying-Issues-3-Large-370x245.jpg\" alt=\"\u00c7evre Dostu\"><\/div><div class=\"title-post\"><a title=\"\u00c7evre Dostu\" href=\"https:\/\/safirhayvansal.com\/index.php\/portfolios\/investment-planning-7\/\">\u00c7evre Dostu<\/a><\/div><div class=\"category-post\"><a href=\"https:\/\/safirhayvansal.com\/index.php\/portfolios_category\/yumurta\/\" rel=\"tag\">Yumurta<\/a><\/div><\/div><\/div><div class=\"item yumurta \"><div class=\"wrap-border\"><div class=\"featured-post\"><div class=\"link\"><a class=\"popup-gallery\" href=\"https:\/\/safirhayvansal.com\/wp-content\/uploads\/2020\/09\/Chocolate-Caramel-Banana-Tart-A-CookBook-For-Haiti.jpg\"><i class=\"fa fa-arrows-alt\"><\/i><\/a><\/div><img decoding=\"async\" src=\"https:\/\/safirhayvansal.com\/wp-content\/uploads\/2020\/09\/Chocolate-Caramel-Banana-Tart-A-CookBook-For-Haiti-370x245.jpg\" alt=\"Sa\u011fl\u0131kl\u0131 Nesiller\"><\/div><div class=\"title-post\"><a title=\"Sa\u011fl\u0131kl\u0131 Nesiller\" href=\"https:\/\/safirhayvansal.com\/index.php\/portfolios\/investment-planning-6\/\">Sa\u011fl\u0131kl\u0131 Nesiller<\/a><\/div><div class=\"category-post\"><a href=\"https:\/\/safirhayvansal.com\/index.php\/portfolios_category\/yumurta\/\" rel=\"tag\">Yumurta<\/a><\/div><\/div><\/div><div class=\"item yumurta \"><div class=\"wrap-border\"><div class=\"featured-post\"><div class=\"link\"><a class=\"popup-gallery\" href=\"https:\/\/safirhayvansal.com\/wp-content\/uploads\/2020\/09\/5-Ways-to-Improve-Your-Food-Photography-with-Artificial-Light-Pinch-of-Yum.jpg\"><i class=\"fa fa-arrows-alt\"><\/i><\/a><\/div><img decoding=\"async\" src=\"https:\/\/safirhayvansal.com\/wp-content\/uploads\/2020\/09\/5-Ways-to-Improve-Your-Food-Photography-with-Artificial-Light-Pinch-of-Yum-370x245.jpg\" alt=\"Hayat\u0131n Kayna\u011f\u0131 Yumurta\"><\/div><div class=\"title-post\"><a title=\"Hayat\u0131n Kayna\u011f\u0131 Yumurta\" href=\"https:\/\/safirhayvansal.com\/index.php\/portfolios\/investment-planning-5\/\">Hayat\u0131n Kayna\u011f\u0131 Yumurta<\/a><\/div><div class=\"category-post\"><a href=\"https:\/\/safirhayvansal.com\/index.php\/portfolios_category\/yumurta\/\" rel=\"tag\">Yumurta<\/a><\/div><\/div><\/div><div class=\"item yumurta \"><div class=\"wrap-border\"><div class=\"featured-post\"><div class=\"link\"><a class=\"popup-gallery\" href=\"https:\/\/safirhayvansal.com\/wp-content\/uploads\/2020\/09\/organik_yumurta.jpg\"><i class=\"fa fa-arrows-alt\"><\/i><\/a><\/div><img decoding=\"async\" src=\"https:\/\/safirhayvansal.com\/wp-content\/uploads\/2020\/09\/organik_yumurta-370x245.jpg\" alt=\"Neden Yumurta?\"><\/div><div class=\"title-post\"><a title=\"Neden Yumurta?\" href=\"https:\/\/safirhayvansal.com\/index.php\/portfolios\/investment-planning-4\/\">Neden Yumurta?<\/a><\/div><div class=\"category-post\"><a href=\"https:\/\/safirhayvansal.com\/index.php\/portfolios_category\/yumurta\/\" rel=\"tag\">Yumurta<\/a><\/div><\/div><\/div><\/div><\/div>[\/vc_column_inner][\/vc_row_inner][\/vc_column][\/vc_row][vc_row full_width=&#8221;stretch_row&#8221; parallax_speed=&#8221;4&#8243; parallax_x=&#8221;4&#8243; parallax_y=&#8221;4&#8243; css=&#8221;.vc_custom_1489117852348{padding-top: 85px !important;padding-bottom: 40px !important;background-color: #2e363a !important;}&#8221;][vc_column width=&#8221;4\/12&#8243;][vc_column_text el_class=&#8221;text-block-callback&#8221;]<\/p>\n<h2>GET A CALL BACK<\/h2>\n<div class=\"wpb_text_column wpb_content_element \">\u00a0If you need to speak to us about a general query fill in the form below and we will call you back within the same working day.<\/div>\n<p>[\/vc_column_text][\/vc_column][vc_column width=&#8221;8\/12&#8243; el_class=&#8221;call-back-form&#8221;]\n<div class=\"wpcf7 no-js\" id=\"wpcf7-f329-o1\" lang=\"en-US\" dir=\"ltr\" data-wpcf7-id=\"329\">\n<div class=\"screen-reader-response\"><p role=\"status\" aria-live=\"polite\" aria-atomic=\"true\"><\/p> <ul><\/ul><\/div>\n<form action=\"\/index.php\/wp-json\/wp\/v2\/pages\/1392#wpcf7-f329-o1\" method=\"post\" class=\"wpcf7-form init\" aria-label=\"Contact form\" novalidate=\"novalidate\" data-status=\"init\">\n<fieldset class=\"hidden-fields-container\"><input type=\"hidden\" name=\"_wpcf7\" value=\"329\" \/><input type=\"hidden\" name=\"_wpcf7_version\" value=\"6.1.3\" \/><input type=\"hidden\" name=\"_wpcf7_locale\" value=\"en_US\" \/><input type=\"hidden\" name=\"_wpcf7_unit_tag\" value=\"wpcf7-f329-o1\" \/><input type=\"hidden\" name=\"_wpcf7_container_post\" value=\"0\" \/><input type=\"hidden\" name=\"_wpcf7_posted_data_hash\" value=\"\" \/>\n<\/fieldset>\n<div class=\"flat-wrap-field clearfix\">\n\t<div class=\"flat-one-half\">\n\t\t<p><label> How can we help? *<\/label><br \/>\n<span class=\"wpcf7-form-control-wrap\" data-name=\"your-recipient\"><select class=\"wpcf7-form-control wpcf7-select\" aria-invalid=\"false\" name=\"your-recipient\"><option value=\"I would like to discuss:\">I would like to discuss:<\/option><option value=\"I would like to discuss:\">I would like to discuss:<\/option><option value=\"I would like to discuss:\">I would like to discuss:<\/option><\/select><\/span>\n\t\t<\/p>\n\t<\/div>\n\t<div class=\"flat-one-half flat-email\">\n\t\t<p><span class=\"wpcf7-form-control-wrap\" data-name=\"your-email\"><input size=\"40\" maxlength=\"400\" class=\"wpcf7-form-control wpcf7-email wpcf7-validates-as-required wpcf7-text wpcf7-validates-as-email\" aria-required=\"true\" aria-invalid=\"false\" placeholder=\"You Email\" value=\"\" type=\"email\" name=\"your-email\" \/><\/span>\n\t\t<\/p>\n\t<\/div>\n<\/div>\n<div class=\"flat-wrap-field clearfix\">\n\t<div class=\"flat-one-half\">\n\t\t<p><span class=\"wpcf7-form-control-wrap\" data-name=\"You\"><input size=\"40\" maxlength=\"400\" class=\"wpcf7-form-control wpcf7-text\" aria-invalid=\"false\" placeholder=\"You phone number\" value=\"\" type=\"text\" name=\"You\" \/><\/span>\n\t\t<\/p>\n\t<\/div>\n\t<div class=\"flat-one-half\">\n\t\t<p><button type=\"submit\" class=\"flat-button-form\">Submit Now<\/button>\n\t\t<\/p>\n\t<\/div>\n<\/div><div class=\"wpcf7-response-output\" aria-hidden=\"true\"><\/div>\n<\/form>\n<\/div>\n[\/vc_column][\/vc_row][vc_row full_width=&#8221;stretch_row&#8221; parallax_speed=&#8221;4&#8243; parallax_x=&#8221;4&#8243; parallax_y=&#8221;4&#8243; css=&#8221;.vc_custom_1489136063793{padding-top: 70px !important;padding-bottom: 50px !important;}&#8221;][vc_column][vc_row_inner][vc_column_inner]<div class=\"title-section  style1\">\n\t\t<h1 class=\"title\">\n\t\t\tlatest news\t\t\t\n\t\t<\/h1>\t\t\n\t\t\n\n\t<\/div>[vc_empty_space height=&#8221;35px&#8221;][\/vc_column_inner][\/vc_row_inner][vc_row_inner][vc_column_inner width=&#8221;2\/3&#8243;]\n\t\t\t<div class=\"blog-shortcode  blog-grid blog-two-columns has-post-content\">\n\n\t\t\t\n\t\t\t\t        \t<article class=\"entry\">\n\t        \t\t<div class=\"entry-border\">\n\t\t\t\t\t\t<div class=\"featured-post\">\n\t\t\t\t\t\t\t<a href=\"https:\/\/safirhayvansal.com\/index.php\/2017\/01\/11\/enterprise-performance-management-epm-for-santa-claus-inc-3\/\">\t\t\t\t\t\t\t\n\t\t\t\t\t\t\t\t<img loading=\"lazy\" decoding=\"async\" width=\"370\" height=\"247\" src=\"https:\/\/safirhayvansal.com\/wp-content\/uploads\/2017\/01\/blog2-370x247.jpg\" class=\"attachment-themesflat-blog-shortcode size-themesflat-blog-shortcode wp-post-image\" alt=\"\" srcset=\"https:\/\/safirhayvansal.com\/wp-content\/uploads\/2017\/01\/blog2-370x247.jpg 370w, https:\/\/safirhayvansal.com\/wp-content\/uploads\/2017\/01\/blog2-300x200.jpg 300w, https:\/\/safirhayvansal.com\/wp-content\/uploads\/2017\/01\/blog2-1024x683.jpg 1024w, https:\/\/safirhayvansal.com\/wp-content\/uploads\/2017\/01\/blog2-768x512.jpg 768w, https:\/\/safirhayvansal.com\/wp-content\/uploads\/2017\/01\/blog2.jpg 1200w\" sizes=\"auto, (max-width: 370px) 100vw, 370px\" \/>\t\t\t\t\t\t\t<\/a>\n\t\t\t\t\t\t<\/div>\n\t\t\t\t\t\t<div class=\"content-post\">\n\t\t\t\t\t\t\t<h2><a href=\"https:\/\/safirhayvansal.com\/index.php\/2017\/01\/11\/enterprise-performance-management-epm-for-santa-claus-inc-3\/\">Why Do I Need To Use Financial ?<\/a><\/h2>\n\n\t\t\t\t\t\t\t<div class=\"entry-meta clearfix\">\n\t\t\t\t\t\t\t\t<span class=\"entry-date\">11<\/span>\n\t\t\t\t\t\t\t\t<span class=\"entry-month\">Oca<\/span>\n\t\t\t\t\t\t\t<\/div><!-- .meta-post -->\n\t\t\t\t\t\t\t\n\t\t\t\t\t\t\t\t\t\t\t\t\t\t\t\t\n\t\t\t\t\t\t\t\t<div class=\"entry-content\">\n\n\t\t\t\t\t\t\t\t\tSed facilisis lorem in orci bibendum ullamcorper. Mauris vitae augue elementum, ...\n\t\t\t\t\t\t\t\t\t\n\t\t\t\t\t\t\t\t<\/div>\n\n\t\t\t\t\t\t\t\t\t\t\t\t\t<\/div>\n\t\t\t\t\t<\/div>\n\t\t\t\t<\/article><!-- \/.entry -->\n\n\t\t\t\t        \t<article class=\"entry\">\n\t        \t\t<div class=\"entry-border\">\n\t\t\t\t\t\t<div class=\"featured-post\">\n\t\t\t\t\t\t\t<a href=\"https:\/\/safirhayvansal.com\/index.php\/2017\/01\/11\/enterprise-performance-management-epm-for-santa-claus-inc-2-2\/\">\t\t\t\t\t\t\t\n\t\t\t\t\t\t\t\t<img loading=\"lazy\" decoding=\"async\" width=\"370\" height=\"247\" src=\"https:\/\/safirhayvansal.com\/wp-content\/uploads\/2017\/01\/blog1-1-370x247.jpg\" class=\"attachment-themesflat-blog-shortcode size-themesflat-blog-shortcode wp-post-image\" alt=\"\" \/>\t\t\t\t\t\t\t<\/a>\n\t\t\t\t\t\t<\/div>\n\t\t\t\t\t\t<div class=\"content-post\">\n\t\t\t\t\t\t\t<h2><a href=\"https:\/\/safirhayvansal.com\/index.php\/2017\/01\/11\/enterprise-performance-management-epm-for-santa-claus-inc-2-2\/\">Why your sales forecast is off<\/a><\/h2>\n\n\t\t\t\t\t\t\t<div class=\"entry-meta clearfix\">\n\t\t\t\t\t\t\t\t<span class=\"entry-date\">11<\/span>\n\t\t\t\t\t\t\t\t<span class=\"entry-month\">Oca<\/span>\n\t\t\t\t\t\t\t<\/div><!-- .meta-post -->\n\t\t\t\t\t\t\t\n\t\t\t\t\t\t\t\t\t\t\t\t\t\t\t\t\n\t\t\t\t\t\t\t\t<div class=\"entry-content\">\n\n\t\t\t\t\t\t\t\t\tSed facilisis lorem in orci bibendum ullamcorper. Mauris vitae augue elementum, ...\n\t\t\t\t\t\t\t\t\t\n\t\t\t\t\t\t\t\t<\/div>\n\n\t\t\t\t\t\t\t\t\t\t\t\t\t<\/div>\n\t\t\t\t\t<\/div>\n\t\t\t\t<\/article><!-- \/.entry -->\n\n\t\t\t<\/div>[\/vc_column_inner][vc_column_inner width=&#8221;1\/3&#8243;][vc_widget_sidebar sidebar_id=&#8221;sidebar-home&#8221;][\/vc_column_inner][\/vc_row_inner][\/vc_column][\/vc_row][vc_row full_width=&#8221;stretch_row&#8221; parallax_speed=&#8221;4&#8243; parallax_x=&#8221;4&#8243; parallax_y=&#8221;4&#8243; css=&#8221;.vc_custom_1485162827093{padding-top: 60px !important;padding-bottom: 70px !important;background-color: #f7f7f7 !important;}&#8221;][vc_column][vc_row_inner css=&#8221;.vc_custom_1485162212721{background-color: #f7f7f7 !important;}&#8221;][vc_column_inner]\n\t\t<div class=\"wrap-client-slide\">\n\t\t\t<div class=\"client-slide \" data-margin=\"30\" data-slides_per_view=\"5\" data-autoplay=\"\" data-hide_control=\"yes\" data-hide_buttons=\"\">\t\t\t\n\t\t\t\t\n\t\t<div class=\"client-image\">\n\t\t\t<img decoding=\"async\" src=\"https:\/\/safirhayvansal.com\/wp-content\/uploads\/2017\/01\/1.png\" alt=\"images\" \/>\n\t\t<\/div>\n\t\t<div class=\"client-image\">\n\t\t\t<img decoding=\"async\" src=\"https:\/\/safirhayvansal.com\/wp-content\/uploads\/2017\/01\/2.png\" alt=\"images\" \/>\n\t\t<\/div>\n\t\t<div class=\"client-image\">\n\t\t\t<img decoding=\"async\" src=\"https:\/\/safirhayvansal.com\/wp-content\/uploads\/2017\/01\/3.png\" alt=\"images\" \/>\n\t\t<\/div>\n\t\t<div class=\"client-image\">\n\t\t\t<img decoding=\"async\" src=\"https:\/\/safirhayvansal.com\/wp-content\/uploads\/2017\/01\/4.png\" alt=\"images\" \/>\n\t\t<\/div>\n\t\t<div class=\"client-image\">\n\t\t\t<img decoding=\"async\" src=\"https:\/\/safirhayvansal.com\/wp-content\/uploads\/2017\/01\/5.png\" alt=\"images\" \/>\n\t\t<\/div>\t\t\t\t\n\t\t\t<\/div>\n\t\t<\/div>\n\t[\/vc_column_inner][\/vc_row_inner][\/vc_column][\/vc_row]\t\t<\/p>\n","protected":false},"excerpt":{"rendered":"<p>[vc_row full_width=&#8221;stretch_row_content_no_spaces&#8221; parallax_speed=&#8221;4&#8243; parallax_x=&#8221;4&#8243; parallax_y=&#8221;4&#8243;][vc_column][rev_slider_vc alias=&#8221;slide-home&#8221;][\/vc_column][\/vc_row][vc_row full_width=&#8221;stretch_row&#8221; parallax_speed=&#8221;4&#8243; parallax_x=&#8221;4&#8243; parallax_y=&#8221;4&#8243; css=&#8221;.vc_custom_1484559993316{padding-top: 60px !important;padding-bottom: 60px !important;}&#8221;][vc_column width=&#8221;1\/3&#8243;][\/vc_column][vc_column width=&#8221;1\/3&#8243;][\/vc_column][vc_column width=&#8221;1\/3&#8243;][\/vc_column][\/vc_row][vc_row full_width=&#8221;stretch_row&#8221; parallax_speed=&#8221;4&#8243; parallax_x=&#8221;4&#8243; parallax_y=&#8221;4&#8243; css=&#8221;.vc_custom_1489131198205{padding-top: 100px !important;padding-bottom: 76px !important;background-color: #f7f7f7 !important;}&#8221;][vc_column][vc_row_inner][vc_column_inner][vc_empty_space height=&#8221;20px&#8221;][\/vc_column_inner][\/vc_row_inner][vc_row_inner][vc_column_inner width=&#8221;1\/3&#8243;][vc_empty_space height=&#8221;70px&#8221;][\/vc_column_inner][vc_column_inner width=&#8221;1\/3&#8243;][vc_empty_space height=&#8221;70px&#8221;][\/vc_column_inner][vc_column_inner width=&#8221;1\/3&#8243;][vc_empty_space height=&#8221;70px&#8221;][\/vc_column_inner][\/vc_row_inner][\/vc_column][\/vc_row][vc_row parallax_speed=&#8221;4&#8243; parallax_x=&#8221;4&#8243; parallax_y=&#8221;4&#8243; css=&#8221;.vc_custom_1489136095344{padding-top: 70px !important;padding-bottom: 30px !important;}&#8221;][vc_column][vc_row_inner][vc_column_inner][vc_empty_space height=&#8221;35px&#8221;][\/vc_column_inner][\/vc_row_inner][vc_row_inner][vc_column_inner][\/vc_column_inner][\/vc_row_inner][\/vc_column][\/vc_row][vc_row full_width=&#8221;stretch_row&#8221; parallax_speed=&#8221;4&#8243; parallax_x=&#8221;4&#8243; parallax_y=&#8221;4&#8243; css=&#8221;.vc_custom_1489117852348{padding-top: 85px [&hellip;]<\/p>\n","protected":false},"author":1,"featured_media":0,"parent":5,"menu_order":0,"comment_status":"closed","ping_status":"closed","template":"tpl\/front-page.php","meta":{"footnotes":""},"class_list":["post-1392","page","type-page","status-publish","hentry"],"_links":{"self":[{"href":"https:\/\/safirhayvansal.com\/index.php\/wp-json\/wp\/v2\/pages\/1392","targetHints":{"allow":["GET"]}}],"collection":[{"href":"https:\/\/safirhayvansal.com\/index.php\/wp-json\/wp\/v2\/pages"}],"about":[{"href":"https:\/\/safirhayvansal.com\/index.php\/wp-json\/wp\/v2\/types\/page"}],"author":[{"embeddable":true,"href":"https:\/\/safirhayvansal.com\/index.php\/wp-json\/wp\/v2\/users\/1"}],"replies":[{"embeddable":true,"href":"https:\/\/safirhayvansal.com\/index.php\/wp-json\/wp\/v2\/comments?post=1392"}],"version-history":[{"count":0,"href":"https:\/\/safirhayvansal.com\/index.php\/wp-json\/wp\/v2\/pages\/1392\/revisions"}],"up":[{"embeddable":true,"href":"https:\/\/safirhayvansal.com\/index.php\/wp-json\/wp\/v2\/pages\/5"}],"wp:attachment":[{"href":"https:\/\/safirhayvansal.com\/index.php\/wp-json\/wp\/v2\/media?parent=1392"}],"curies":[{"name":"wp","href":"https:\/\/api.w.org\/{rel}","templated":true}]}}